{"id":3137,"date":"2024-09-06T10:12:43","date_gmt":"2024-09-06T08:12:43","guid":{"rendered":"https:\/\/stille-nacht-museum.at\/terms-and-conditions\/"},"modified":"2024-09-19T16:24:25","modified_gmt":"2024-09-19T14:24:25","slug":"terms-and-conditions","status":"publish","type":"page","link":"https:\/\/www.stille-nacht-museum.at\/en\/terms-and-conditions\/","title":{"rendered":"terms and conditions"},"content":{"rendered":"<div class=\"fusion-fullwidth fullwidth-box fusion-builder-row-1 fusion-flex-container has-pattern-background has-mask-background nonhundred-percent-fullwidth non-hundred-percent-height-scrolling\" style=\"--awb-border-radius-top-left:0px;--awb-border-radius-top-right:0px;--awb-border-radius-bottom-right:0px;--awb-border-radius-bottom-left:0px;--awb-flex-wrap:wrap;\" ><div class=\"fusion-builder-row fusion-row fusion-flex-align-items-flex-start fusion-flex-content-wrap\" style=\"max-width:1414.4px;margin-left: calc(-4% \/ 2 );margin-right: calc(-4% \/ 2 );\"><div class=\"fusion-layout-column fusion_builder_column fusion-builder-column-0 fusion_builder_column_1_1 1_1 fusion-flex-column\" style=\"--awb-bg-size:cover;--awb-width-large:100%;--awb-margin-top-large:0px;--awb-spacing-right-large:1.92%;--awb-margin-bottom-large:20px;--awb-spacing-left-large:1.92%;--awb-width-medium:100%;--awb-order-medium:0;--awb-spacing-right-medium:1.92%;--awb-spacing-left-medium:1.92%;--awb-width-small:100%;--awb-order-small:0;--awb-spacing-right-small:1.92%;--awb-spacing-left-small:1.92%;\"><div class=\"fusion-column-wrapper fusion-column-has-shadow fusion-flex-justify-content-flex-start fusion-content-layout-column\"><div class=\"fusion-text fusion-text-1\"><p><strong><span style=\"color: #96150d;\">terms and conditions f\u00fcr Gesch\u00e4fte im Fernabsatz<\/span> <\/strong><\/p>\n<p>Verk\u00e4ufer: Stadtgemeinde Oberndorf bei Salzburg (Stille-Nacht-Museums-Shop), 5110 Oberndorf bei Salzburg, Stille-Nacht-Platz 5, Tel: +43 6272 21660, E: museum@oberndorf.salzburg.at, im Folgenden kurz Stille-Nacht-Museums-Shop,<\/p>\n<p><span style=\"color: #96150d;\"><strong>\u00a7 1 Geltungsbereich<\/strong><\/span> <br \/>(1) Die nachstehenden Allgemeinen Gesch\u00e4ftsbedingungen (AGB) gelten in der am Tag der Bestellung g\u00fcltigen Fassung f\u00fcr s\u00e4mtliche im Fernabsatz abgeschlossenen Kaufvertr\u00e4ge zwischen dem Stille-Nacht-Museums-Shop und seinen Kunden. Vor der Bestellung hat der Kunde den AGB zuzustimmen und sich zu deren Einhaltung zu verpflichten. <br \/>(2) Sollten einzelne Bestimmungen dieser AGB aufgrund zwingender gesetzlicher Vorschriften (insbesondere den Bestimmungen des Konsumentenschutzgesetzes) ganz oder teilweise unwirksam sein, so bleiben die \u00fcbrigen Bestimmungen dieser AGB unver\u00e4ndert wirksam.<\/p>\n<p><span style=\"color: #96150d;\"><strong>\u00a7 2 Vertragsschluss<\/strong><\/span> <br \/>Alle Angebote des Stille-Nacht-Museums-Shops sind freibleibend und als Aufforderung an den Kunden zu verstehen, selbst ein Angebot zu legen. Der Vertrag gilt erst mit Absendung einer schriftlichen Vertragsbest\u00e4tigung durch den Stille-Nacht-Museums-Shop als geschlossen. <\/p>\n<p><span style=\"color: #96150d;\"><strong>\u00a7 3 Rechnungslegung<\/strong><\/span> <br \/>Unser Kunde ist damit einverstanden, dass Informationen, Best\u00e4tigungen und Rechnungen an ihn elektronisch (per E-Mail) erstellt und \u00fcbermittelt werden k\u00f6nnen.<\/p>\n<p><span style=\"color: #96150d;\"><strong>\u00a7 4 R\u00fccktrittsrecht<\/strong><\/span> <br \/>(1) Kunden, die Verbraucher im Sinne des Konsumentenschutzgesetzes sind, k\u00f6nnen 14 Tage ab Waren\u00fcbernahme vom Kauf ohne Angabe von Gr\u00fcnden zur\u00fccktreten. Es gen\u00fcgt, wenn die R\u00fccktrittserkl\u00e4rung innerhalb der Frist ohne Angabe von Gr\u00fcnden abgesendet wird. <br \/>(2) Im Falle des R\u00fccktritts findet eine R\u00fcckerstattung des Kaufpreises nur Zug um Zug gegen Zur\u00fcckstellung der vom Kunden erhaltenen Waren statt. Bedingung hierf\u00fcr ist, dass sich die Ware in ungen\u00fctztem und als neu wiederverkaufsf\u00e4higem Zustand befindet. Die Kosten der R\u00fccksendung gehen zu Lasten des Kunden.  <br \/>(3) Bei Artikeln, die durch Gebrauchsspuren beeintr\u00e4chtigt oder besch\u00e4digt sind, wird vom Stille-Nacht-Museums-Shop ein angemessenes Entgelt f\u00fcr die Wertminderung einbehalten. Gleiches gilt, wenn bei R\u00fcckgabe der Ware Zubeh\u00f6r (etwa Stromkabel, Anleitungen, udgl.) fehlt. <br \/><strong>(4) Ein R\u00fccktrittsrecht besteht nicht bei Leistungen, die online (z.B. Software und Publikationen zum Download) \u00fcbermittelt worden sind oder bei B\u00fcchern, Software, CDs oder DVDs, die vom Besteller entsiegelt worden sind.<\/strong><br \/>(5) Anfragen oder Reklamationen an: Stadtgemeinde Oberndorf bei Salzburg (Stille-Nacht-Museums-Shop), 5110 Oberndorf bei Salzburg, Stille-Nacht-Platz 5, T:+43 6272 21660, E: museum@oberndorf.salzburg.at<\/p>\n<p><span style=\"color: #96150d;\"><strong>\u00a7 5 Preise<\/strong><\/span> <br \/>(1) Es gelten jener Kaufpreis und Nebenkosten (wie Versandkosten) als vereinbart, welcher vor dem Vertragsabschluss dem Kunden bekanntgegeben wurde.<br \/>(2) Soweit nicht anders angegeben, verstehen sich s\u00e4mtliche Preisangaben als Bruttopreise einschlie\u00dflich der gesetzlichen Umsatzsteuer.<\/p>\n<p><span style=\"color: #96150d;\"><strong>\u00a7 6 Lieferbedingungen<\/strong><\/span> <br \/>Die Lieferung erfolgt im Normalfall innerhalb von 7 Werktagen ab der Bestellung des Kunden, aber jedenfalls innerhalb von 15 Tagen ab Bestelldatum. Bei Nichtverf\u00fcgbarkeit der Ware wird dies dem Kunden unverz\u00fcglich mitgeteilt. <\/p>\n<p><span style=\"color: #96150d;\"><strong>\u00a7 7 Zahlungsbedingungen<\/strong><\/span> <br \/>Rechnungen sind, sofern nicht anders vereinbart, sofort ab Rechnungseingang mittels der Ware beiliegendem Zahlschein oder der vorab gesendeten elektronischen Rechnung abzugs- und spesenfrei f\u00e4llig. Der Kunde ist bei Zahlungsverzug verpflichtet, s\u00e4mtliche dem Stille-Nacht-Museums-Shop durch diesen Zahlungsverzug entstehenden zur zweckentsprechenden Rechtsverfolgung notwendigen Mahn- und Inkassospesen zu ersetzen. <\/p>\n<p><span style=\"color: #96150d;\"><strong>\u00a7 8 Verzugszinsen<\/strong><\/span> <br \/>(1) Selbst bei unverschuldetem Zahlungsverzug des K\u00e4ufers sind wir berechtigt, Verzugszinsen in der H\u00f6he von 10 % \u00fcber dem Basiszinssatz j\u00e4hrlich zu verrechnen; hiedurch werden Anspr\u00fcche auf Ersatz nachgewiesener h\u00f6herer Zinsen nicht beeintr\u00e4chtigt.<br \/>(2) Absatz 1 gilt nur f\u00fcr zweiseitig unternehmensbezogene Gesch\u00e4fte.<\/p>\n<p><span style=\"color: #96150d;\"><strong>\u00a7 9 Eigentumsvorbehalt<\/strong><\/span> <br \/>Die Ware bleibt bis zur vollst\u00e4ndigen Bezahlung des Kaufpreises und aller Kosten und Spesen im Eigentum des Stille-Nacht-Museums-Shops. <br \/>Im Falle des Verzuges ist der Stille-Nacht-Museums-Shop berechtigt, die Rechte aus dem Eigentumsvorbehalt geltend zu machen. <br \/>Es wird vereinbart, dass in der Geltendmachung des Eigentumsvorbehalts kein R\u00fccktritt vom Vertrag liegt, au\u00dfer, der R\u00fccktritt vom Vertrag wird ausdr\u00fccklich erkl\u00e4rt.<\/p>\n<p><span style=\"color: #96150d;\"><strong>\u00a7 10 Gew\u00e4hrleistung<\/strong><\/span> <br \/>Die Gew\u00e4hrleistung erfolgt nach den gesetzl. Bestimmungen f\u00fcr die Dauer von 24 Monaten ab Eingang der Ware. Kommt ein Austausch oder eine Verbesserung nicht in Betracht (nicht m\u00f6glich, zu hoher Aufwand, unzumutbar, Fristverzug), dann hat der K\u00e4ufer Anspruch auf Preisminderung bzw., wenn der Mangel nicht geringf\u00fcgig ist, Aufhebung des Vertrages (Wandlung). Der Ersatz von (Mangel-) Folgesch\u00e4den, sowie sonstigen Sachsch\u00e4den, Verm\u00f6genssch\u00e4den und Sch\u00e4den Dritter gegen den Kunden, sofern es sich nicht um ein Verbrauchergesch\u00e4ft handelt, ist ausgeschlossen.<\/p>\n<p><span style=\"color: #96150d;\"><strong>\u00a7 11 Schadenersatz<\/strong><\/span> <br \/>(1) Der Stille-Nacht-Museums-Shop haftet nur bei Vorsatz oder grober Fahrl\u00e4ssigkeit f\u00fcr Sch\u00e4den, mit Ausnahme von Sch\u00e4den an Personen. Das Vorliegen von grober Fahrl\u00e4ssigkeit hat, sofern es sich nicht um ein Verbrauchergesch\u00e4ft handelt, der Gesch\u00e4digte zu beweisen. <br \/>(2) Der Ersatz von (Mangel-) Folgesch\u00e4den und reinen Verm\u00f6genssch\u00e4den ist gegen\u00fcber Unternehmern ausgeschlossen.<br \/>(3) F\u00fcr die formelle oder inhaltliche Richtigkeit der Angaben in den Publikationen ist jegliche eine Haftung des Stille-Nacht-Museums-Shops ausgeschlossen.<\/p>\n<p><span style=\"color: #96150d;\"><strong>\u00a7 12 Produkthaftung<\/strong><\/span> <br \/>Allf\u00e4llige Regressforderungen, die Vertragspartner oder Dritte aus dem Titel Produkthaftung im Sinne des Produkthaftungsgesetzes gegen den Stille-Nacht-Museums-Shop richten, sind ausgeschlossen, es sei denn, der Regressberechtigte weist nach, dass der Fehler in unserer Sph\u00e4re verursacht und zumindest grob fahrl\u00e4ssig verschuldet worden ist.<\/p>\n<p><span style=\"color: #96150d;\"><strong>\u00a7 13 Datenschutz<\/strong><\/span> <br \/>Der Kunde anerkennt, dass die Verwendung der im Vertrag angef\u00fchrten Daten \u00fcber den Kunden f\u00fcr Zwecke der Buchhaltung und der Kundenevidenz gespeichert und verarbeitet werden. Die Daten werden zur Erf\u00fcllung von gesetzlichen Vorschriften und zur Abwicklung des Zahlungsverkehrs verwendet. Kundendaten werden nicht an Dritte weitergegeben, au\u00dfer dies ist f\u00fcr die Vertragsabwicklung unbedingt erforderlich.  <\/p>\n<p><span style=\"color: #96150d;\"><strong>\u00a7 14 Gerichtsstand und anwendbares Recht<\/strong><\/span> <br \/>(1) Auf diesen Vertrag ist \u00f6sterreichisches materielles Recht unter Ausschluss des UN-Kaufrechts anzuwenden. Ist der Vertragspartner Verbraucher, so sind auch die zwingenden Bestimmungen des Rechts des Staates, in dem er seinen gew\u00f6hnlichen Aufenthalt hat, auf diesen Vertrag anzuwenden. Erf\u00fcllungsort des Vertrages ist die eingangs genannte Adresse des Stille-Nacht-Museums-Shops.  <br \/>(2) F\u00fcr Streitigkeiten ist das f\u00fcr Oberndorf bei Salzburg \u00f6rtlich zust\u00e4ndige Gericht ausschlie\u00dflich zust\u00e4ndig. F\u00fcr alle gegen einen Verbraucher, der im Inland seinen Wohnsitz, gew\u00f6hnlichen Aufenthalt oder Ort der Besch\u00e4ftigung hat, wegen Streitigkeiten aus diesem Vertrag erhobenen Klagen ist eines jener Gerichte zust\u00e4ndig, in dessen Sprengel der Verbraucher seinen Wohnsitz, gew\u00f6hnlichen Aufenthalt oder Ort der Besch\u00e4ftigung hat. F\u00fcr Verbraucher, die im Zeitpunkt des Vertragsabschlusses keinen Wohnsitz in \u00d6sterreich haben, gelten die gesetzlichen Gerichtsst\u00e4nde.   &nbsp;<\/p>\n<p><strong>Diese AGB sind g\u00fcltig ab 1. Dezember 2020<\/strong><\/p>\n<\/div><\/div><\/div><\/div><\/div>\n","protected":false},"excerpt":{"rendered":"","protected":false},"author":2,"featured_media":0,"parent":0,"menu_order":0,"comment_status":"closed","ping_status":"closed","template":"100-width.php","meta":{"footnotes":""},"class_list":["post-3137","page","type-page","status-publish","hentry"],"yoast_head":"<!-- This site is optimized with the Yoast SEO plugin v26.7 - https:\/\/yoast.com\/wordpress\/plugins\/seo\/ -->\n<title>terms and conditions - Stille Nacht<\/title>\n<meta name=\"robots\" content=\"index, follow, max-snippet:-1, max-image-preview:large, max-video-preview:-1\" \/>\n<link rel=\"canonical\" href=\"https:\/\/www.stille-nacht-museum.at\/en\/terms-and-conditions\/\" \/>\n<meta property=\"og:locale\" content=\"en_US\" \/>\n<meta property=\"og:type\" content=\"article\" \/>\n<meta property=\"og:title\" content=\"terms and conditions - Stille Nacht\" \/>\n<meta property=\"og:url\" content=\"https:\/\/www.stille-nacht-museum.at\/en\/terms-and-conditions\/\" \/>\n<meta property=\"og:site_name\" content=\"Stille Nacht\" \/>\n<meta property=\"article:modified_time\" content=\"2024-09-19T14:24:25+00:00\" \/>\n<meta name=\"twitter:card\" content=\"summary_large_image\" \/>\n<meta name=\"twitter:label1\" content=\"Est. reading time\" \/>\n\t<meta name=\"twitter:data1\" content=\"8 minutes\" \/>\n<script type=\"application\/ld+json\" class=\"yoast-schema-graph\">{\"@context\":\"https:\/\/schema.org\",\"@graph\":[{\"@type\":\"WebPage\",\"@id\":\"https:\/\/www.stille-nacht-museum.at\/en\/terms-and-conditions\/\",\"url\":\"https:\/\/www.stille-nacht-museum.at\/en\/terms-and-conditions\/\",\"name\":\"terms and conditions - Stille Nacht\",\"isPartOf\":{\"@id\":\"https:\/\/www.stille-nacht-museum.at\/en\/#website\"},\"datePublished\":\"2024-09-06T08:12:43+00:00\",\"dateModified\":\"2024-09-19T14:24:25+00:00\",\"breadcrumb\":{\"@id\":\"https:\/\/www.stille-nacht-museum.at\/en\/terms-and-conditions\/#breadcrumb\"},\"inLanguage\":\"en-US\",\"potentialAction\":[{\"@type\":\"ReadAction\",\"target\":[\"https:\/\/www.stille-nacht-museum.at\/en\/terms-and-conditions\/\"]}]},{\"@type\":\"BreadcrumbList\",\"@id\":\"https:\/\/www.stille-nacht-museum.at\/en\/terms-and-conditions\/#breadcrumb\",\"itemListElement\":[{\"@type\":\"ListItem\",\"position\":1,\"name\":\"Startseite\",\"item\":\"https:\/\/www.stille-nacht-museum.at\/en\/silent-night\/\"},{\"@type\":\"ListItem\",\"position\":2,\"name\":\"terms and conditions\"}]},{\"@type\":\"WebSite\",\"@id\":\"https:\/\/www.stille-nacht-museum.at\/en\/#website\",\"url\":\"https:\/\/www.stille-nacht-museum.at\/en\/\",\"name\":\"Stille Nacht Museum\",\"description\":\"Stille Nacht Kapelle Oberndorf\",\"publisher\":{\"@id\":\"https:\/\/www.stille-nacht-museum.at\/en\/#organization\"},\"potentialAction\":[{\"@type\":\"SearchAction\",\"target\":{\"@type\":\"EntryPoint\",\"urlTemplate\":\"https:\/\/www.stille-nacht-museum.at\/en\/?s={search_term_string}\"},\"query-input\":{\"@type\":\"PropertyValueSpecification\",\"valueRequired\":true,\"valueName\":\"search_term_string\"}}],\"inLanguage\":\"en-US\"},{\"@type\":\"Organization\",\"@id\":\"https:\/\/www.stille-nacht-museum.at\/en\/#organization\",\"name\":\"Stille Nacht Museum Oberndorf\",\"url\":\"https:\/\/www.stille-nacht-museum.at\/en\/\",\"logo\":{\"@type\":\"ImageObject\",\"inLanguage\":\"en-US\",\"@id\":\"https:\/\/www.stille-nacht-museum.at\/en\/#\/schema\/logo\/image\/\",\"url\":\"https:\/\/stille-nacht-museum.at\/wp-content\/uploads\/2024\/06\/SNMO_Logo_RGB_invertiert_rund_schrift_weiss.png\",\"contentUrl\":\"https:\/\/stille-nacht-museum.at\/wp-content\/uploads\/2024\/06\/SNMO_Logo_RGB_invertiert_rund_schrift_weiss.png\",\"width\":1136,\"height\":1137,\"caption\":\"Stille Nacht Museum Oberndorf\"},\"image\":{\"@id\":\"https:\/\/www.stille-nacht-museum.at\/en\/#\/schema\/logo\/image\/\"}}]}<\/script>\n<!-- \/ Yoast SEO plugin. -->","yoast_head_json":{"title":"terms and conditions - Stille Nacht","robots":{"index":"index","follow":"follow","max-snippet":"max-snippet:-1","max-image-preview":"max-image-preview:large","max-video-preview":"max-video-preview:-1"},"canonical":"https:\/\/www.stille-nacht-museum.at\/en\/terms-and-conditions\/","og_locale":"en_US","og_type":"article","og_title":"terms and conditions - Stille Nacht","og_url":"https:\/\/www.stille-nacht-museum.at\/en\/terms-and-conditions\/","og_site_name":"Stille Nacht","article_modified_time":"2024-09-19T14:24:25+00:00","twitter_card":"summary_large_image","twitter_misc":{"Est. reading time":"8 minutes"},"schema":{"@context":"https:\/\/schema.org","@graph":[{"@type":"WebPage","@id":"https:\/\/www.stille-nacht-museum.at\/en\/terms-and-conditions\/","url":"https:\/\/www.stille-nacht-museum.at\/en\/terms-and-conditions\/","name":"terms and conditions - Stille Nacht","isPartOf":{"@id":"https:\/\/www.stille-nacht-museum.at\/en\/#website"},"datePublished":"2024-09-06T08:12:43+00:00","dateModified":"2024-09-19T14:24:25+00:00","breadcrumb":{"@id":"https:\/\/www.stille-nacht-museum.at\/en\/terms-and-conditions\/#breadcrumb"},"inLanguage":"en-US","potentialAction":[{"@type":"ReadAction","target":["https:\/\/www.stille-nacht-museum.at\/en\/terms-and-conditions\/"]}]},{"@type":"BreadcrumbList","@id":"https:\/\/www.stille-nacht-museum.at\/en\/terms-and-conditions\/#breadcrumb","itemListElement":[{"@type":"ListItem","position":1,"name":"Startseite","item":"https:\/\/www.stille-nacht-museum.at\/en\/silent-night\/"},{"@type":"ListItem","position":2,"name":"terms and conditions"}]},{"@type":"WebSite","@id":"https:\/\/www.stille-nacht-museum.at\/en\/#website","url":"https:\/\/www.stille-nacht-museum.at\/en\/","name":"Stille Nacht Museum","description":"Stille Nacht Kapelle Oberndorf","publisher":{"@id":"https:\/\/www.stille-nacht-museum.at\/en\/#organization"},"potentialAction":[{"@type":"SearchAction","target":{"@type":"EntryPoint","urlTemplate":"https:\/\/www.stille-nacht-museum.at\/en\/?s={search_term_string}"},"query-input":{"@type":"PropertyValueSpecification","valueRequired":true,"valueName":"search_term_string"}}],"inLanguage":"en-US"},{"@type":"Organization","@id":"https:\/\/www.stille-nacht-museum.at\/en\/#organization","name":"Stille Nacht Museum Oberndorf","url":"https:\/\/www.stille-nacht-museum.at\/en\/","logo":{"@type":"ImageObject","inLanguage":"en-US","@id":"https:\/\/www.stille-nacht-museum.at\/en\/#\/schema\/logo\/image\/","url":"https:\/\/stille-nacht-museum.at\/wp-content\/uploads\/2024\/06\/SNMO_Logo_RGB_invertiert_rund_schrift_weiss.png","contentUrl":"https:\/\/stille-nacht-museum.at\/wp-content\/uploads\/2024\/06\/SNMO_Logo_RGB_invertiert_rund_schrift_weiss.png","width":1136,"height":1137,"caption":"Stille Nacht Museum Oberndorf"},"image":{"@id":"https:\/\/www.stille-nacht-museum.at\/en\/#\/schema\/logo\/image\/"}}]}},"_links":{"self":[{"href":"https:\/\/www.stille-nacht-museum.at\/en\/wp-json\/wp\/v2\/pages\/3137","targetHints":{"allow":["GET"]}}],"collection":[{"href":"https:\/\/www.stille-nacht-museum.at\/en\/wp-json\/wp\/v2\/pages"}],"about":[{"href":"https:\/\/www.stille-nacht-museum.at\/en\/wp-json\/wp\/v2\/types\/page"}],"author":[{"embeddable":true,"href":"https:\/\/www.stille-nacht-museum.at\/en\/wp-json\/wp\/v2\/users\/2"}],"replies":[{"embeddable":true,"href":"https:\/\/www.stille-nacht-museum.at\/en\/wp-json\/wp\/v2\/comments?post=3137"}],"version-history":[{"count":2,"href":"https:\/\/www.stille-nacht-museum.at\/en\/wp-json\/wp\/v2\/pages\/3137\/revisions"}],"predecessor-version":[{"id":3139,"href":"https:\/\/www.stille-nacht-museum.at\/en\/wp-json\/wp\/v2\/pages\/3137\/revisions\/3139"}],"wp:attachment":[{"href":"https:\/\/www.stille-nacht-museum.at\/en\/wp-json\/wp\/v2\/media?parent=3137"}],"curies":[{"name":"wp","href":"https:\/\/api.w.org\/{rel}","templated":true}]}}