{"id":3687,"date":"2024-07-10T11:02:19","date_gmt":"2024-07-10T09:02:19","guid":{"rendered":"https:\/\/stille-nacht-museum.at\/museum\/contact\/"},"modified":"2024-11-14T10:57:04","modified_gmt":"2024-11-14T09:57:04","slug":"contact","status":"publish","type":"page","link":"https:\/\/www.stille-nacht-museum.at\/en\/museum\/contact\/","title":{"rendered":"Contact"},"content":{"rendered":"<p><div class=\"fusion-fullwidth fullwidth-box fusion-builder-row-1 fusion-flex-container has-pattern-background fusion-parallax-none nonhundred-percent-fullwidth non-hundred-percent-height-scrolling lazyload\" style=\"--awb-border-radius-top-left:0px;--awb-border-radius-top-right:0px;--awb-border-radius-bottom-right:0px;--awb-border-radius-bottom-left:0px;--awb-padding-top:8vw;--awb-padding-bottom:8vw;--awb-padding-left:60px;--awb-background-color:var(--awb-color2);--awb-background-size:cover;--awb-flex-wrap:wrap;\" data-bg=\"http:\/\/stille-nacht-museum.at\/wp-content\/uploads\/2024\/07\/museum_kontakt.png\" ><div class=\"fusion-builder-row fusion-row fusion-flex-align-items-stretch fusion-flex-content-wrap\" style=\"max-width:1414.4px;margin-left: calc(-4% \/ 2 );margin-right: calc(-4% \/ 2 );\"><div class=\"fusion-layout-column fusion_builder_column fusion-builder-column-0 fusion_builder_column_3_5 3_5 fusion-flex-column fusion-animated\" style=\"--awb-bg-size:cover;--awb-width-large:60%;--awb-margin-top-large:0px;--awb-spacing-right-large:3.2%;--awb-margin-bottom-large:55px;--awb-spacing-left-large:3.2%;--awb-width-medium:60%;--awb-order-medium:0;--awb-spacing-right-medium:3.2%;--awb-spacing-left-medium:3.2%;--awb-width-small:100%;--awb-order-small:0;--awb-spacing-right-small:1.92%;--awb-spacing-left-small:1.92%;\" data-animationType=\"fadeInLeft\" data-animationDuration=\"1.3\" data-animationOffset=\"top-into-view\"><div class=\"fusion-column-wrapper fusion-column-has-shadow fusion-flex-justify-content-flex-start fusion-content-layout-column\"><div class=\"fusion-title title fusion-title-1 fusion-sep-none fusion-title-text fusion-title-size-two\" style=\"--awb-text-color:var(--awb-color4);--awb-margin-top:30px;\"><h2 class=\"fusion-title-heading title-heading-left\" style=\"font-family:&#039;Trebuchet MS&#039;, Helvetica, sans-serif;font-style:normal;font-weight:400;margin:0;text-transform:none;\">Welcome at<br \/>Stille-Nacht-Museum Oberndorf<\/h2><\/div><\/div><\/div><div class=\"fusion-layout-column fusion_builder_column fusion-builder-column-1 fusion_builder_column_2_5 2_5 fusion-flex-column fusion-no-small-visibility\" style=\"--awb-bg-size:cover;--awb-width-large:40%;--awb-margin-top-large:0px;--awb-spacing-right-large:4.8%;--awb-margin-bottom-large:20px;--awb-spacing-left-large:4.8%;--awb-width-medium:40%;--awb-order-medium:0;--awb-spacing-right-medium:4.8%;--awb-spacing-left-medium:4.8%;--awb-width-small:100%;--awb-order-small:0;--awb-spacing-right-small:1.92%;--awb-spacing-left-small:1.92%;\"><div class=\"fusion-column-wrapper fusion-column-has-shadow fusion-flex-justify-content-flex-start fusion-content-layout-column\"><\/div><\/div><div class=\"fusion-layout-column fusion_builder_column fusion-builder-column-2 fusion-flex-column fusion-animated\" style=\"--awb-padding-top:2vw;--awb-padding-right:2vw;--awb-padding-bottom:2vw;--awb-padding-left:2vw;--awb-padding-top-small:40px;--awb-padding-right-small:40px;--awb-padding-bottom-small:40px;--awb-padding-left-small:40px;--awb-bg-color:#ffffff;--awb-bg-color-hover:var(--awb-color3);--awb-bg-size:cover;--awb-border-color:#ffffff;--awb-border-color-hover:var(--awb-color4);--awb-border-top:1px;--awb-border-right:1px;--awb-border-bottom:1px;--awb-border-left:1px;--awb-border-style:solid;--awb-transform:scaleX(1) scaleY(1);--awb-transform-hover:scaleX(1.05) scaleY(1.05);--awb-width-large:30%;--awb-margin-top-large:0px;--awb-spacing-right-large:6.4%;--awb-margin-bottom-large:0px;--awb-spacing-left-large:6.4%;--awb-width-medium:30%;--awb-order-medium:0;--awb-spacing-right-medium:6.4%;--awb-spacing-left-medium:6.4%;--awb-width-small:100%;--awb-order-small:0;--awb-spacing-right-small:1.92%;--awb-spacing-left-small:1.92%;\" data-animationType=\"fadeInUp\" data-animationDuration=\"1.3\" data-animationDelay=\"0.9\" data-animationOffset=\"top-into-view\"><div class=\"fusion-column-wrapper fusion-column-has-shadow fusion-flex-justify-content-flex-start fusion-content-layout-column\"><i class=\"fb-icon-element-1 fb-icon-element fontawesome-icon fa-envelope fas circle-no fusion-text-flow\" style=\"--awb-iconcolor:var(--awb-color4);--awb-iconcolor-hover:var(--awb-color4);--awb-font-size:48px;--awb-margin-bottom:20px;\"><\/i><div class=\"fusion-title title fusion-title-2 fusion-sep-none fusion-title-text fusion-title-size-five\" style=\"--awb-text-color:#141617;--awb-font-size:22px;\"><h5 class=\"fusion-title-heading title-heading-left\" style=\"font-family:&#039;Trebuchet MS&#039;, Helvetica, sans-serif;font-style:normal;font-weight:400;margin:0;letter-spacing:var(--awb-typography1-letter-spacing);text-transform:uppercase;font-size:1em;line-height:1.3;\">Contact<\/h5><\/div><div class=\"fusion-text fusion-text-1 fusion-text-no-margin\" style=\"--awb-font-size:17px;--awb-line-height:1.5;--awb-letter-spacing:var(--awb-typography4-letter-spacing);--awb-text-transform:var(--awb-typography4-text-transform);--awb-text-color:#141617;--awb-margin-bottom:10px;--awb-text-font-family:&#039;Trebuchet MS&#039;, Helvetica, sans-serif;--awb-text-font-style:normal;--awb-text-font-weight:400;\"><p class=\"text-sm-left\">Stille-Nacht-Museum<br \/>for the city of Oberndorf<\/p>\n<p class=\"text-sm-left\">Stille-Nacht-Platz 5<br \/>A-5110 Oberndorf bei Salzburg<\/p>\n<p class=\"text-sm-left\">Phone <a href=\"tel:+43627221660\">+43 6272 21660<\/a><\/p>\n<p>E-mail museum: <a href=\"mailto:museum@oberndorf.salzburg.at\">museum@oberndorf.salzburg.at<\/a><\/p>\n<\/div><\/div><\/div><div class=\"fusion-layout-column fusion_builder_column fusion-builder-column-3 fusion-flex-column fusion-animated\" style=\"--awb-padding-top:2vw;--awb-padding-right:2vw;--awb-padding-bottom:2vw;--awb-padding-left:2vw;--awb-padding-top-small:40px;--awb-padding-right-small:40px;--awb-padding-bottom-small:40px;--awb-padding-left-small:40px;--awb-bg-color:#ffffff;--awb-bg-color-hover:var(--awb-color3);--awb-bg-size:cover;--awb-border-color:#ffffff;--awb-border-color-hover:var(--awb-color4);--awb-border-top:1px;--awb-border-right:1px;--awb-border-bottom:1px;--awb-border-left:1px;--awb-border-style:solid;--awb-transform:scaleX(1) scaleY(1);--awb-transform-hover:scaleX(1.05) scaleY(1.05);--awb-width-large:30%;--awb-margin-top-large:0px;--awb-spacing-right-large:6.4%;--awb-margin-bottom-large:0px;--awb-spacing-left-large:6.4%;--awb-width-medium:30%;--awb-order-medium:0;--awb-spacing-right-medium:6.4%;--awb-spacing-left-medium:6.4%;--awb-width-small:100%;--awb-order-small:0;--awb-spacing-right-small:1.92%;--awb-margin-bottom-small:40px;--awb-spacing-left-small:1.92%;\" data-animationType=\"fadeInUp\" data-animationDuration=\"1.3\" data-animationDelay=\"0.3\" data-animationOffset=\"top-into-view\"><div class=\"fusion-column-wrapper fusion-column-has-shadow fusion-flex-justify-content-flex-start fusion-content-layout-column\"><i class=\"fb-icon-element-2 fb-icon-element fontawesome-icon fa-car fas circle-no fusion-text-flow\" style=\"--awb-iconcolor:var(--awb-color4);--awb-iconcolor-hover:var(--awb-color4);--awb-font-size:48px;--awb-margin-bottom:20px;\"><\/i><div class=\"fusion-title title fusion-title-3 fusion-sep-none fusion-title-text fusion-title-size-five\" style=\"--awb-text-color:#141617;--awb-font-size:22px;\"><h5 class=\"fusion-title-heading title-heading-left\" style=\"font-family:&#039;Trebuchet MS&#039;, Helvetica, sans-serif;font-style:normal;font-weight:400;margin:0;letter-spacing:var(--awb-typography1-letter-spacing);text-transform:uppercase;font-size:1em;line-height:1.3;\">Route<\/h5><\/div><div class=\"fusion-text fusion-text-2 fusion-text-no-margin\" style=\"--awb-font-size:17px;--awb-line-height:1.5;--awb-letter-spacing:var(--awb-typography4-letter-spacing);--awb-text-transform:var(--awb-typography4-text-transform);--awb-text-color:#141617;--awb-margin-bottom:10px;--awb-text-font-family:&#039;Trebuchet MS&#039;, Helvetica, sans-serif;--awb-text-font-style:normal;--awb-text-font-weight:400;\"><p><strong>Coming from the austrian side:<\/strong><\/p>\n<p>Stay on the B156 until the roundabout Oberndorf (next to the &#8220;Lagerhaus&#8221;) and take the exit &#8220;Oberndorf&#8221;.<\/p>\n<p>At the next roundabout, cross straight ahead and drive down the hill aloing the &#8220;Salzburger Stra\u00dfe&#8221; .<\/p>\n<p>Keep following the street until the restaurant &#8220;Bauernbr\u00e4u&#8221;. Turn right at the restaurant into the &#8220;Sch\u00f6ffleutgasse&#8221;.<\/p>\n<p>Parking for the museum is on your left side<\/p>\n<p><em>Coming from the german (Laufen) side:<\/em><\/p>\n<p>Cross the bridge towards austria. In front of the church, turn left into the &#8220;Salzburger Stra\u00dfe&#8221; <\/p>\n<p>Keep on &#8220;Salzburger Stra\u00dfe&#8221; until the restaurant &#8220;&#8221;Bauernbr\u00e4u&#8221;. Turn left into &#8220;Sch\u00f6ffleutgasse&#8221;. <\/p>\n<p>A parking area for the museum is on your left side<\/p>\n<\/div><\/div><\/div><div class=\"fusion-layout-column fusion_builder_column fusion-builder-column-4 fusion-flex-column fusion-animated\" style=\"--awb-padding-top:2vw;--awb-padding-right:2vw;--awb-padding-bottom:2vw;--awb-padding-left:2vw;--awb-padding-top-small:40px;--awb-padding-right-small:40px;--awb-padding-bottom-small:40px;--awb-padding-left-small:40px;--awb-bg-color:#ffffff;--awb-bg-color-hover:var(--awb-color3);--awb-bg-size:cover;--awb-border-color:#ffffff;--awb-border-color-hover:var(--awb-color4);--awb-border-top:1px;--awb-border-right:1px;--awb-border-bottom:1px;--awb-border-left:1px;--awb-border-style:solid;--awb-transform:scaleX(1) scaleY(1);--awb-transform-hover:scaleX(1.05) scaleY(1.05);--awb-width-large:30%;--awb-margin-top-large:0px;--awb-spacing-right-large:6.4%;--awb-margin-bottom-large:0px;--awb-spacing-left-large:6.4%;--awb-width-medium:30%;--awb-order-medium:0;--awb-spacing-right-medium:6.4%;--awb-spacing-left-medium:6.4%;--awb-width-small:100%;--awb-order-small:0;--awb-spacing-right-small:1.92%;--awb-margin-bottom-small:40px;--awb-spacing-left-small:1.92%;\" data-animationType=\"fadeInUp\" data-animationDuration=\"1.3\" data-animationDelay=\"0.6\" data-animationOffset=\"top-into-view\"><div class=\"fusion-column-wrapper fusion-column-has-shadow fusion-flex-justify-content-flex-start fusion-content-layout-column\"><i class=\"fb-icon-element-3 fb-icon-element fontawesome-icon fa-parking fas circle-no fusion-text-flow\" style=\"--awb-iconcolor:var(--awb-color4);--awb-iconcolor-hover:var(--awb-color4);--awb-font-size:48px;--awb-margin-bottom:20px;\"><\/i><div class=\"fusion-title title fusion-title-4 fusion-sep-none fusion-title-text fusion-title-size-five\" style=\"--awb-text-color:#141617;--awb-font-size:22px;\"><h5 class=\"fusion-title-heading title-heading-left\" style=\"font-family:&#039;Trebuchet MS&#039;, Helvetica, sans-serif;font-style:normal;font-weight:400;margin:0;letter-spacing:var(--awb-typography1-letter-spacing);text-transform:uppercase;font-size:1em;line-height:1.3;\">Parking<\/h5><\/div><div class=\"fusion-text fusion-text-3 fusion-text-no-margin\" style=\"--awb-font-size:17px;--awb-line-height:1.5;--awb-letter-spacing:var(--awb-typography4-letter-spacing);--awb-text-transform:var(--awb-typography4-text-transform);--awb-text-color:#141617;--awb-margin-bottom:10px;--awb-text-font-family:&#039;Trebuchet MS&#039;, Helvetica, sans-serif;--awb-text-font-style:normal;--awb-text-font-weight:400;\"><p>Visitors may use the parking area right next to the &#8220;Stille-Nacht-Platz&#8221; free of charge. Another option in case this space is filled up, is the parking area next to &#8220;Johnny&#8217;s Disco&#8221; (fees apply)<\/p>\n<\/div><\/div><\/div><\/div><\/div><div class=\"fusion-fullwidth fullwidth-box fusion-builder-row-2 fusion-flex-container has-pattern-background has-mask-background nonhundred-percent-fullwidth non-hundred-percent-height-scrolling\" style=\"--awb-border-radius-top-left:0px;--awb-border-radius-top-right:0px;--awb-border-radius-bottom-right:0px;--awb-border-radius-bottom-left:0px;--awb-flex-wrap:wrap;\" ><div class=\"fusion-builder-row fusion-row fusion-flex-align-items-flex-start fusion-flex-content-wrap\" style=\"max-width:1414.4px;margin-left: calc(-4% \/ 2 );margin-right: calc(-4% \/ 2 );\"><div class=\"fusion-layout-column fusion_builder_column fusion-builder-column-5 fusion_builder_column_1_1 1_1 fusion-flex-column fusion-flex-align-self-flex-end\" style=\"--awb-bg-size:cover;--awb-width-large:100%;--awb-margin-top-large:0px;--awb-spacing-right-large:1.92%;--awb-margin-bottom-large:0px;--awb-spacing-left-large:1.92%;--awb-width-medium:100%;--awb-order-medium:0;--awb-spacing-right-medium:1.92%;--awb-spacing-left-medium:1.92%;--awb-width-small:100%;--awb-order-small:0;--awb-spacing-right-small:1.92%;--awb-spacing-left-small:1.92%;\"><div class=\"fusion-column-wrapper fusion-column-has-shadow fusion-flex-justify-content-flex-start fusion-content-layout-column\"><div class=\"fusion-title title fusion-title-5 fusion-sep-none fusion-title-text fusion-title-size-three\" style=\"--awb-text-color:var(--awb-color4);\"><h3 class=\"fusion-title-heading title-heading-left\" style=\"font-family:&#039;Trebuchet MS&#039;, Helvetica, sans-serif;font-style:normal;font-weight:700;margin:0;\">Parking Stille-Nacht-Museum<\/h3><\/div><\/div><\/div><div class=\"fusion-layout-column fusion_builder_column fusion-builder-column-6 fusion_builder_column_1_1 1_1 fusion-flex-column\" style=\"--awb-overflow:hidden;--awb-bg-size:cover;--awb-border-color:var(--awb-color4);--awb-border-top:2px;--awb-border-right:2px;--awb-border-bottom:2px;--awb-border-left:2px;--awb-border-style:solid;--awb-border-radius:4px 4px 4px 4px;--awb-width-large:100%;--awb-margin-top-large:0px;--awb-spacing-right-large:1.92%;--awb-margin-bottom-large:20px;--awb-spacing-left-large:1.92%;--awb-width-medium:100%;--awb-order-medium:0;--awb-spacing-right-medium:1.92%;--awb-spacing-left-medium:1.92%;--awb-width-small:100%;--awb-order-small:0;--awb-spacing-right-small:1.92%;--awb-spacing-left-small:1.92%;\"><div class=\"fusion-column-wrapper fusion-column-has-shadow fusion-flex-justify-content-flex-start fusion-content-layout-column\"><div class=\"awb-openstreet-map awb-openstreet-map-1\" data-map-style=\"osm-carto\" data-map-type=\"marker\" data-zoom=\"14\" data-zoomsnap=\"1\" data-zoomcontrol=\"1\" data-scrollwheelzoom=\"1\" data-dragging=\"1\" data-touchzoom=\"1\" data-dbclickzoom=\"1\" data-fitbounds=\"1\" data-shape-color=\"rgba(200,145,41,1)\" data-shape-weight=\"3\"><div class=\"awb-openstreet-map-marker awb-openstreet-map-marker-1\" data-latitude=\"47.94587629527824\" data-longitude=\"12.935537685039902\" data-icon=\"fa-map-marker-alt fas\" data-action=\"popup\"><div class=\"awb-openstreet-map-marker-icon-wrapper\" style=\"--awb-background-color:var(--awb-color4);--awb-hover-color:var(--awb-color4);--awb-hover-background-color:var(--awb-color5);\"><i class=\"fa-map-marker-alt fas\"><\/i><\/div><div class=\"awb-openstreet-map-content-wrapper\"><h5 class=\"awb-openstreet-map-marker-title\">Parking museum<\/h5><\/div><\/div><\/div><\/div><\/div><\/div><\/div><div class=\"fusion-fullwidth fullwidth-box fusion-builder-row-3 fusion-flex-container has-pattern-background has-mask-background nonhundred-percent-fullwidth non-hundred-percent-height-scrolling\" style=\"--awb-border-radius-top-left:0px;--awb-border-radius-top-right:0px;--awb-border-radius-bottom-right:0px;--awb-border-radius-bottom-left:0px;--awb-flex-wrap:wrap;\" ><div class=\"fusion-builder-row fusion-row fusion-flex-align-items-flex-start fusion-flex-content-wrap\" style=\"max-width:1414.4px;margin-left: calc(-4% \/ 2 );margin-right: calc(-4% \/ 2 );\"><div class=\"fusion-layout-column fusion_builder_column fusion-builder-column-7 fusion_builder_column_1_1 1_1 fusion-flex-column\" style=\"--awb-bg-size:cover;--awb-width-large:100%;--awb-margin-top-large:0px;--awb-spacing-right-large:1.92%;--awb-margin-bottom-large:20px;--awb-spacing-left-large:1.92%;--awb-width-medium:100%;--awb-order-medium:0;--awb-spacing-right-medium:1.92%;--awb-spacing-left-medium:1.92%;--awb-width-small:100%;--awb-order-small:0;--awb-spacing-right-small:1.92%;--awb-spacing-left-small:1.92%;\"><div class=\"fusion-column-wrapper fusion-column-has-shadow fusion-flex-justify-content-flex-start fusion-content-layout-column\"><\/div><\/div><\/div><\/div><\/p>\n","protected":false},"excerpt":{"rendered":"","protected":false},"author":2,"featured_media":0,"parent":2741,"menu_order":0,"comment_status":"closed","ping_status":"closed","template":"100-width.php","meta":{"footnotes":""},"class_list":["post-3687","page","type-page","status-publish","hentry"],"yoast_head":"<!-- This site is optimized with the Yoast SEO plugin v26.7 - https:\/\/yoast.com\/wordpress\/plugins\/seo\/ -->\n<title>Contact - Stille Nacht<\/title>\n<meta name=\"robots\" content=\"index, follow, max-snippet:-1, max-image-preview:large, max-video-preview:-1\" \/>\n<link rel=\"canonical\" href=\"https:\/\/www.stille-nacht-museum.at\/en\/museum\/contact\/\" \/>\n<meta property=\"og:locale\" content=\"en_US\" \/>\n<meta property=\"og:type\" content=\"article\" \/>\n<meta property=\"og:title\" content=\"Contact - Stille Nacht\" \/>\n<meta property=\"og:url\" content=\"https:\/\/www.stille-nacht-museum.at\/en\/museum\/contact\/\" \/>\n<meta property=\"og:site_name\" content=\"Stille Nacht\" \/>\n<meta property=\"article:modified_time\" content=\"2024-11-14T09:57:04+00:00\" \/>\n<meta name=\"twitter:card\" content=\"summary_large_image\" \/>\n<meta name=\"twitter:label1\" content=\"Est. reading time\" \/>\n\t<meta name=\"twitter:data1\" content=\"19 minutes\" \/>\n<script type=\"application\/ld+json\" class=\"yoast-schema-graph\">{\"@context\":\"https:\/\/schema.org\",\"@graph\":[{\"@type\":\"WebPage\",\"@id\":\"https:\/\/www.stille-nacht-museum.at\/en\/museum\/contact\/\",\"url\":\"https:\/\/www.stille-nacht-museum.at\/en\/museum\/contact\/\",\"name\":\"Contact - Stille Nacht\",\"isPartOf\":{\"@id\":\"https:\/\/www.stille-nacht-museum.at\/en\/#website\"},\"datePublished\":\"2024-07-10T09:02:19+00:00\",\"dateModified\":\"2024-11-14T09:57:04+00:00\",\"breadcrumb\":{\"@id\":\"https:\/\/www.stille-nacht-museum.at\/en\/museum\/contact\/#breadcrumb\"},\"inLanguage\":\"en-US\",\"potentialAction\":[{\"@type\":\"ReadAction\",\"target\":[\"https:\/\/www.stille-nacht-museum.at\/en\/museum\/contact\/\"]}]},{\"@type\":\"BreadcrumbList\",\"@id\":\"https:\/\/www.stille-nacht-museum.at\/en\/museum\/contact\/#breadcrumb\",\"itemListElement\":[{\"@type\":\"ListItem\",\"position\":1,\"name\":\"Startseite\",\"item\":\"https:\/\/www.stille-nacht-museum.at\/en\/silent-night\/\"},{\"@type\":\"ListItem\",\"position\":2,\"name\":\"Museum\",\"item\":\"https:\/\/www.stille-nacht-museum.at\/en\/museum\/\"},{\"@type\":\"ListItem\",\"position\":3,\"name\":\"Contact\"}]},{\"@type\":\"WebSite\",\"@id\":\"https:\/\/www.stille-nacht-museum.at\/en\/#website\",\"url\":\"https:\/\/www.stille-nacht-museum.at\/en\/\",\"name\":\"Stille Nacht Museum\",\"description\":\"Stille Nacht Kapelle Oberndorf\",\"publisher\":{\"@id\":\"https:\/\/www.stille-nacht-museum.at\/en\/#organization\"},\"potentialAction\":[{\"@type\":\"SearchAction\",\"target\":{\"@type\":\"EntryPoint\",\"urlTemplate\":\"https:\/\/www.stille-nacht-museum.at\/en\/?s={search_term_string}\"},\"query-input\":{\"@type\":\"PropertyValueSpecification\",\"valueRequired\":true,\"valueName\":\"search_term_string\"}}],\"inLanguage\":\"en-US\"},{\"@type\":\"Organization\",\"@id\":\"https:\/\/www.stille-nacht-museum.at\/en\/#organization\",\"name\":\"Stille Nacht Museum Oberndorf\",\"url\":\"https:\/\/www.stille-nacht-museum.at\/en\/\",\"logo\":{\"@type\":\"ImageObject\",\"inLanguage\":\"en-US\",\"@id\":\"https:\/\/www.stille-nacht-museum.at\/en\/#\/schema\/logo\/image\/\",\"url\":\"https:\/\/stille-nacht-museum.at\/wp-content\/uploads\/2024\/06\/SNMO_Logo_RGB_invertiert_rund_schrift_weiss.png\",\"contentUrl\":\"https:\/\/stille-nacht-museum.at\/wp-content\/uploads\/2024\/06\/SNMO_Logo_RGB_invertiert_rund_schrift_weiss.png\",\"width\":1136,\"height\":1137,\"caption\":\"Stille Nacht Museum Oberndorf\"},\"image\":{\"@id\":\"https:\/\/www.stille-nacht-museum.at\/en\/#\/schema\/logo\/image\/\"}}]}<\/script>\n<!-- \/ Yoast SEO plugin. -->","yoast_head_json":{"title":"Contact - Stille Nacht","robots":{"index":"index","follow":"follow","max-snippet":"max-snippet:-1","max-image-preview":"max-image-preview:large","max-video-preview":"max-video-preview:-1"},"canonical":"https:\/\/www.stille-nacht-museum.at\/en\/museum\/contact\/","og_locale":"en_US","og_type":"article","og_title":"Contact - Stille Nacht","og_url":"https:\/\/www.stille-nacht-museum.at\/en\/museum\/contact\/","og_site_name":"Stille Nacht","article_modified_time":"2024-11-14T09:57:04+00:00","twitter_card":"summary_large_image","twitter_misc":{"Est. reading time":"19 minutes"},"schema":{"@context":"https:\/\/schema.org","@graph":[{"@type":"WebPage","@id":"https:\/\/www.stille-nacht-museum.at\/en\/museum\/contact\/","url":"https:\/\/www.stille-nacht-museum.at\/en\/museum\/contact\/","name":"Contact - Stille Nacht","isPartOf":{"@id":"https:\/\/www.stille-nacht-museum.at\/en\/#website"},"datePublished":"2024-07-10T09:02:19+00:00","dateModified":"2024-11-14T09:57:04+00:00","breadcrumb":{"@id":"https:\/\/www.stille-nacht-museum.at\/en\/museum\/contact\/#breadcrumb"},"inLanguage":"en-US","potentialAction":[{"@type":"ReadAction","target":["https:\/\/www.stille-nacht-museum.at\/en\/museum\/contact\/"]}]},{"@type":"BreadcrumbList","@id":"https:\/\/www.stille-nacht-museum.at\/en\/museum\/contact\/#breadcrumb","itemListElement":[{"@type":"ListItem","position":1,"name":"Startseite","item":"https:\/\/www.stille-nacht-museum.at\/en\/silent-night\/"},{"@type":"ListItem","position":2,"name":"Museum","item":"https:\/\/www.stille-nacht-museum.at\/en\/museum\/"},{"@type":"ListItem","position":3,"name":"Contact"}]},{"@type":"WebSite","@id":"https:\/\/www.stille-nacht-museum.at\/en\/#website","url":"https:\/\/www.stille-nacht-museum.at\/en\/","name":"Stille Nacht Museum","description":"Stille Nacht Kapelle Oberndorf","publisher":{"@id":"https:\/\/www.stille-nacht-museum.at\/en\/#organization"},"potentialAction":[{"@type":"SearchAction","target":{"@type":"EntryPoint","urlTemplate":"https:\/\/www.stille-nacht-museum.at\/en\/?s={search_term_string}"},"query-input":{"@type":"PropertyValueSpecification","valueRequired":true,"valueName":"search_term_string"}}],"inLanguage":"en-US"},{"@type":"Organization","@id":"https:\/\/www.stille-nacht-museum.at\/en\/#organization","name":"Stille Nacht Museum Oberndorf","url":"https:\/\/www.stille-nacht-museum.at\/en\/","logo":{"@type":"ImageObject","inLanguage":"en-US","@id":"https:\/\/www.stille-nacht-museum.at\/en\/#\/schema\/logo\/image\/","url":"https:\/\/stille-nacht-museum.at\/wp-content\/uploads\/2024\/06\/SNMO_Logo_RGB_invertiert_rund_schrift_weiss.png","contentUrl":"https:\/\/stille-nacht-museum.at\/wp-content\/uploads\/2024\/06\/SNMO_Logo_RGB_invertiert_rund_schrift_weiss.png","width":1136,"height":1137,"caption":"Stille Nacht Museum Oberndorf"},"image":{"@id":"https:\/\/www.stille-nacht-museum.at\/en\/#\/schema\/logo\/image\/"}}]}},"_links":{"self":[{"href":"https:\/\/www.stille-nacht-museum.at\/en\/wp-json\/wp\/v2\/pages\/3687","targetHints":{"allow":["GET"]}}],"collection":[{"href":"https:\/\/www.stille-nacht-museum.at\/en\/wp-json\/wp\/v2\/pages"}],"about":[{"href":"https:\/\/www.stille-nacht-museum.at\/en\/wp-json\/wp\/v2\/types\/page"}],"author":[{"embeddable":true,"href":"https:\/\/www.stille-nacht-museum.at\/en\/wp-json\/wp\/v2\/users\/2"}],"replies":[{"embeddable":true,"href":"https:\/\/www.stille-nacht-museum.at\/en\/wp-json\/wp\/v2\/comments?post=3687"}],"version-history":[{"count":8,"href":"https:\/\/www.stille-nacht-museum.at\/en\/wp-json\/wp\/v2\/pages\/3687\/revisions"}],"predecessor-version":[{"id":4082,"href":"https:\/\/www.stille-nacht-museum.at\/en\/wp-json\/wp\/v2\/pages\/3687\/revisions\/4082"}],"up":[{"embeddable":true,"href":"https:\/\/www.stille-nacht-museum.at\/en\/wp-json\/wp\/v2\/pages\/2741"}],"wp:attachment":[{"href":"https:\/\/www.stille-nacht-museum.at\/en\/wp-json\/wp\/v2\/media?parent=3687"}],"curies":[{"name":"wp","href":"https:\/\/api.w.org\/{rel}","templated":true}]}}